{"id":21999,"date":"2017-04-20T18:51:16","date_gmt":"2017-04-20T16:51:16","guid":{"rendered":"http:\/\/www.zander-partner.de\/?page_id=21999"},"modified":"2024-07-10T15:30:53","modified_gmt":"2024-07-10T13:30:53","slug":"stadt-marketing","status":"publish","type":"page","link":"https:\/\/www.zander-partner.de\/de\/stadt-marketing\/","title":{"rendered":"Stadtmarketing"},"content":{"rendered":"<p>[vc_row row_type=&#8220;row&#8220; use_row_as_full_screen_section=&#8220;no&#8220; type=&#8220;grid&#8220; text_align=&#8220;left&#8220; background_animation=&#8220;none&#8220; css_animation=&#8220;&#8220; css=&#8220;.vc_custom_1490267474689{background-position: center !important;background-repeat: no-repeat !important;background-size: cover !important;}&#8220;][vc_column width=&#8220;1\/2&#8243;][vc_column_text]<\/p>\n<h2>Cases<\/h2>\n<p>[\/vc_column_text][vc_empty_space height=&#8220;22px&#8220;]<div class='projects_holder_outer v2 portfolio_with_space portfolio_standard  qode-filter-position-top'>\n\t\t\n\t<div class='projects_holder clearfix v2 standard portfolio_square_image '>\n\t\t<article class=\"mix portfolio_category_9\">\n    <div class='image_holder default_hover'>\n        \n<span class='image'><img width=\"550\" height=\"550\" src=\"https:\/\/www.zander-partner.de\/wp-content\/uploads\/2017\/01\/Festival_of_Lights_2013_BrandenburgerTor_Rosen_005_FH-550x550.jpg\" class=\"attachment-portfolio-square size-portfolio-square wp-post-image\" alt=\"\" decoding=\"async\" loading=\"lazy\" srcset=\"https:\/\/www.zander-partner.de\/wp-content\/uploads\/2017\/01\/Festival_of_Lights_2013_BrandenburgerTor_Rosen_005_FH-550x550.jpg 550w, https:\/\/www.zander-partner.de\/wp-content\/uploads\/2017\/01\/Festival_of_Lights_2013_BrandenburgerTor_Rosen_005_FH-150x150.jpg 150w, https:\/\/www.zander-partner.de\/wp-content\/uploads\/2017\/01\/Festival_of_Lights_2013_BrandenburgerTor_Rosen_005_FH-500x500.jpg 500w\" sizes=\"(max-width: 550px) 100vw, 550px\" \/><\/span>\n                    <a class='portfolio_link_class' href='https:\/\/www.zander-partner.de\/de\/blog\/portfolio_page\/festival-of-lights-neues-format-als-public-event\/' target='_self'><\/a>\n\t\t\n        <div class=\"portfolio_shader\"><\/div>\n\t\t<div class=\"icons_holder\">\n\t<div class=\"icons_holder_inner\">\n\t\t\t\t\t<\/div>\n<\/div>\n    <\/div>\n\n    <div class='portfolio_description ' >\n            <h4 class=\"portfolio_title\" ><a href=\"https:\/\/www.zander-partner.de\/de\/blog\/portfolio_page\/festival-of-lights-neues-format-als-public-event\/\" target=\"_self\"> Berlin Festival of Lights \u2013  Dachmarkenformat und Public Event als Besuchermagent<\/a><\/h4>\n<h6 class=\"portfolio_subtitle\"> <\/h6>    <\/div>\n<\/article>\n<article class=\"mix portfolio_category_9\">\n    <div class='image_holder default_hover'>\n        \n<span class='image'><img width=\"550\" height=\"550\" src=\"https:\/\/www.zander-partner.de\/wp-content\/uploads\/2025\/11\/Visualisierung_Hamburg_Speicherstadt_03-Credit-Zander-und-Partner-scaled-1-550x550.jpg\" class=\"attachment-portfolio-square size-portfolio-square wp-post-image\" alt=\"\" decoding=\"async\" loading=\"lazy\" srcset=\"https:\/\/www.zander-partner.de\/wp-content\/uploads\/2025\/11\/Visualisierung_Hamburg_Speicherstadt_03-Credit-Zander-und-Partner-scaled-1-550x550.jpg 550w, https:\/\/www.zander-partner.de\/wp-content\/uploads\/2025\/11\/Visualisierung_Hamburg_Speicherstadt_03-Credit-Zander-und-Partner-scaled-1-150x150.jpg 150w, https:\/\/www.zander-partner.de\/wp-content\/uploads\/2025\/11\/Visualisierung_Hamburg_Speicherstadt_03-Credit-Zander-und-Partner-scaled-1-500x500.jpg 500w, https:\/\/www.zander-partner.de\/wp-content\/uploads\/2025\/11\/Visualisierung_Hamburg_Speicherstadt_03-Credit-Zander-und-Partner-scaled-1-1000x1000.jpg 1000w\" sizes=\"(max-width: 550px) 100vw, 550px\" \/><\/span>\n                    <a class='portfolio_link_class' href='https:\/\/www.zander-partner.de\/de\/blog\/portfolio_page\/hamburg-speicherstadt\/' target='_self'><\/a>\n\t\t\n        <div class=\"portfolio_shader\"><\/div>\n\t\t<div class=\"icons_holder\">\n\t<div class=\"icons_holder_inner\">\n\t\t\t\t\t<\/div>\n<\/div>\n    <\/div>\n\n    <div class='portfolio_description ' >\n            <h4 class=\"portfolio_title\" ><a href=\"https:\/\/www.zander-partner.de\/de\/blog\/portfolio_page\/hamburg-speicherstadt\/\" target=\"_self\"> Hamburg Speicherstadt &#8211; 10 Jahre UNESCO-Welterbetitel<\/a><\/h4>\n<h6 class=\"portfolio_subtitle\"> <\/h6>    <\/div>\n<\/article>\n<article class=\"mix portfolio_category_9\">\n    <div class='image_holder default_hover'>\n        \n<span class='image'><img width=\"550\" height=\"550\" src=\"https:\/\/www.zander-partner.de\/wp-content\/uploads\/2025\/11\/20250907_013301-3-1-550x550.jpg\" class=\"attachment-portfolio-square size-portfolio-square wp-post-image\" alt=\"\" decoding=\"async\" loading=\"lazy\" srcset=\"https:\/\/www.zander-partner.de\/wp-content\/uploads\/2025\/11\/20250907_013301-3-1-550x550.jpg 550w, https:\/\/www.zander-partner.de\/wp-content\/uploads\/2025\/11\/20250907_013301-3-1-150x150.jpg 150w, https:\/\/www.zander-partner.de\/wp-content\/uploads\/2025\/11\/20250907_013301-3-1-500x500.jpg 500w, https:\/\/www.zander-partner.de\/wp-content\/uploads\/2025\/11\/20250907_013301-3-1-1000x1000.jpg 1000w\" sizes=\"(max-width: 550px) 100vw, 550px\" \/><\/span>\n                    <a class='portfolio_link_class' href='https:\/\/www.zander-partner.de\/de\/blog\/portfolio_page\/muenchen-festival-of-lights\/' target='_self'><\/a>\n\t\t\n        <div class=\"portfolio_shader\"><\/div>\n\t\t<div class=\"icons_holder\">\n\t<div class=\"icons_holder_inner\">\n\t\t\t\t\t<\/div>\n<\/div>\n    <\/div>\n\n    <div class='portfolio_description ' >\n            <h4 class=\"portfolio_title\" ><a href=\"https:\/\/www.zander-partner.de\/de\/blog\/portfolio_page\/muenchen-festival-of-lights\/\" target=\"_self\"> FESTIVAL OF LIGHTS M\u00fcnchen anl\u00e4sslich der IAA MOBILITY<\/a><\/h4>\n<h6 class=\"portfolio_subtitle\"> <\/h6>    <\/div>\n<\/article>\n<article class=\"mix portfolio_category_9\">\n    <div class='image_holder default_hover'>\n        \n<span class='image'><img width=\"550\" height=\"550\" src=\"https:\/\/www.zander-partner.de\/wp-content\/uploads\/2021\/11\/colour-cubed-550x550.jpg\" class=\"attachment-portfolio-square size-portfolio-square wp-post-image\" alt=\"\" decoding=\"async\" loading=\"lazy\" srcset=\"https:\/\/www.zander-partner.de\/wp-content\/uploads\/2021\/11\/colour-cubed-550x550.jpg 550w, https:\/\/www.zander-partner.de\/wp-content\/uploads\/2021\/11\/colour-cubed-150x150.jpg 150w, https:\/\/www.zander-partner.de\/wp-content\/uploads\/2021\/11\/colour-cubed-500x500.jpg 500w\" sizes=\"(max-width: 550px) 100vw, 550px\" \/><\/span>\n                    <a class='portfolio_link_class' href='https:\/\/www.zander-partner.de\/de\/blog\/portfolio_page\/immersive-night-time-experience-kaleidoscope-bei-der-expo-2020-in-dubai\/' target='_self'><\/a>\n\t\t\n        <div class=\"portfolio_shader\"><\/div>\n\t\t<div class=\"icons_holder\">\n\t<div class=\"icons_holder_inner\">\n\t\t\t\t\t<\/div>\n<\/div>\n    <\/div>\n\n    <div class='portfolio_description ' >\n            <h4 class=\"portfolio_title\" ><a href=\"https:\/\/www.zander-partner.de\/de\/blog\/portfolio_page\/immersive-night-time-experience-kaleidoscope-bei-der-expo-2020-in-dubai\/\" target=\"_self\"> Immersive Night Time Experience &#8222;Kaleidoscope&#8220; bei der EXPO 2020 in Dubai<\/a><\/h4>\n<h6 class=\"portfolio_subtitle\"> <\/h6>    <\/div>\n<\/article>\n<article class=\"mix portfolio_category_9\">\n    <div class='image_holder default_hover'>\n        \n<span class='image'><img width=\"550\" height=\"550\" src=\"https:\/\/www.zander-partner.de\/wp-content\/uploads\/2020\/05\/DSC00797-550x550.jpg\" class=\"attachment-portfolio-square size-portfolio-square wp-post-image\" alt=\"Zagreb Festival of Lights\" decoding=\"async\" loading=\"lazy\" srcset=\"https:\/\/www.zander-partner.de\/wp-content\/uploads\/2020\/05\/DSC00797-550x550.jpg 550w, https:\/\/www.zander-partner.de\/wp-content\/uploads\/2020\/05\/DSC00797-150x150.jpg 150w, https:\/\/www.zander-partner.de\/wp-content\/uploads\/2020\/05\/DSC00797-500x500.jpg 500w, https:\/\/www.zander-partner.de\/wp-content\/uploads\/2020\/05\/DSC00797-1000x1000.jpg 1000w\" sizes=\"(max-width: 550px) 100vw, 550px\" \/><\/span>\n                    <a class='portfolio_link_class' href='https:\/\/www.zander-partner.de\/de\/blog\/portfolio_page\/zagreb-festival-of-lights\/' target='_self'><\/a>\n\t\t\n        <div class=\"portfolio_shader\"><\/div>\n\t\t<div class=\"icons_holder\">\n\t<div class=\"icons_holder_inner\">\n\t\t\t\t\t<\/div>\n<\/div>\n    <\/div>\n\n    <div class='portfolio_description ' >\n            <h4 class=\"portfolio_title\" ><a href=\"https:\/\/www.zander-partner.de\/de\/blog\/portfolio_page\/zagreb-festival-of-lights\/\" target=\"_self\"> Zagreb Festival of Lights<\/a><\/h4>\n<h6 class=\"portfolio_subtitle\"> <\/h6>    <\/div>\n<\/article>\n<article class=\"mix portfolio_category_9\">\n    <div class='image_holder default_hover'>\n        \n<span class='image'><img width=\"550\" height=\"550\" src=\"https:\/\/www.zander-partner.de\/wp-content\/uploads\/2019\/05\/Plovdiv-PR-Visu_ohne-Schrift-550x550.png\" class=\"attachment-portfolio-square size-portfolio-square wp-post-image\" alt=\"\" decoding=\"async\" loading=\"lazy\" srcset=\"https:\/\/www.zander-partner.de\/wp-content\/uploads\/2019\/05\/Plovdiv-PR-Visu_ohne-Schrift-550x550.png 550w, https:\/\/www.zander-partner.de\/wp-content\/uploads\/2019\/05\/Plovdiv-PR-Visu_ohne-Schrift-150x150.png 150w, https:\/\/www.zander-partner.de\/wp-content\/uploads\/2019\/05\/Plovdiv-PR-Visu_ohne-Schrift-500x500.png 500w, https:\/\/www.zander-partner.de\/wp-content\/uploads\/2019\/05\/Plovdiv-PR-Visu_ohne-Schrift-1000x1000.png 1000w\" sizes=\"(max-width: 550px) 100vw, 550px\" \/><\/span>\n                    <a class='portfolio_link_class' href='https:\/\/www.zander-partner.de\/de\/blog\/portfolio_page\/festival-of-lights-zu-gast-in-plovdiv\/' target='_self'><\/a>\n\t\t\n        <div class=\"portfolio_shader\"><\/div>\n\t\t<div class=\"icons_holder\">\n\t<div class=\"icons_holder_inner\">\n\t\t\t\t\t<\/div>\n<\/div>\n    <\/div>\n\n    <div class='portfolio_description ' >\n            <h4 class=\"portfolio_title\" ><a href=\"https:\/\/www.zander-partner.de\/de\/blog\/portfolio_page\/festival-of-lights-zu-gast-in-plovdiv\/\" target=\"_self\"> FESTIVAL OF LIGHTS ALS GAST IN PLOVDIV<\/a><\/h4>\n<h6 class=\"portfolio_subtitle\"> <\/h6>    <\/div>\n<\/article>\n<article class=\"mix portfolio_category_9\">\n    <div class='image_holder default_hover'>\n        \n<span class='image'><img width=\"550\" height=\"550\" src=\"https:\/\/www.zander-partner.de\/wp-content\/uploads\/2018\/09\/037_Zwickau_FoL18_FH-550x550.jpg\" class=\"attachment-portfolio-square size-portfolio-square wp-post-image\" alt=\"\" decoding=\"async\" loading=\"lazy\" srcset=\"https:\/\/www.zander-partner.de\/wp-content\/uploads\/2018\/09\/037_Zwickau_FoL18_FH-550x550.jpg 550w, https:\/\/www.zander-partner.de\/wp-content\/uploads\/2018\/09\/037_Zwickau_FoL18_FH-150x150.jpg 150w, https:\/\/www.zander-partner.de\/wp-content\/uploads\/2018\/09\/037_Zwickau_FoL18_FH-500x500.jpg 500w\" sizes=\"(max-width: 550px) 100vw, 550px\" \/><\/span>\n                    <a class='portfolio_link_class' href='https:\/\/www.zander-partner.de\/de\/blog\/portfolio_page\/900-jahre-zwickau\/' target='_self'><\/a>\n\t\t\n        <div class=\"portfolio_shader\"><\/div>\n\t\t<div class=\"icons_holder\">\n\t<div class=\"icons_holder_inner\">\n\t\t\t\t\t<\/div>\n<\/div>\n    <\/div>\n\n    <div class='portfolio_description ' >\n            <h4 class=\"portfolio_title\" ><a href=\"https:\/\/www.zander-partner.de\/de\/blog\/portfolio_page\/900-jahre-zwickau\/\" target=\"_self\"> 900 Jahre Zwickau<\/a><\/h4>\n<h6 class=\"portfolio_subtitle\"> <\/h6>    <\/div>\n<\/article>\n<article class=\"mix portfolio_category_9\">\n    <div class='image_holder default_hover'>\n        \n<span class='image'><img width=\"550\" height=\"550\" src=\"https:\/\/www.zander-partner.de\/wp-content\/uploads\/2024\/06\/2015_Luxemburg_FOL-1040-e1563520572863-1536x1026-1-550x550.jpg\" class=\"attachment-portfolio-square size-portfolio-square wp-post-image\" alt=\"\" decoding=\"async\" loading=\"lazy\" srcset=\"https:\/\/www.zander-partner.de\/wp-content\/uploads\/2024\/06\/2015_Luxemburg_FOL-1040-e1563520572863-1536x1026-1-550x550.jpg 550w, https:\/\/www.zander-partner.de\/wp-content\/uploads\/2024\/06\/2015_Luxemburg_FOL-1040-e1563520572863-1536x1026-1-150x150.jpg 150w, https:\/\/www.zander-partner.de\/wp-content\/uploads\/2024\/06\/2015_Luxemburg_FOL-1040-e1563520572863-1536x1026-1-500x500.jpg 500w, https:\/\/www.zander-partner.de\/wp-content\/uploads\/2024\/06\/2015_Luxemburg_FOL-1040-e1563520572863-1536x1026-1-1000x1000.jpg 1000w\" sizes=\"(max-width: 550px) 100vw, 550px\" \/><\/span>\n                    <a class='portfolio_link_class' href='https:\/\/www.zander-partner.de\/de\/blog\/portfolio_page\/luxembourg-light-nights\/' target='_self'><\/a>\n\t\t\n        <div class=\"portfolio_shader\"><\/div>\n\t\t<div class=\"icons_holder\">\n\t<div class=\"icons_holder_inner\">\n\t\t\t\t\t<\/div>\n<\/div>\n    <\/div>\n\n    <div class='portfolio_description ' >\n            <h4 class=\"portfolio_title\" ><a href=\"https:\/\/www.zander-partner.de\/de\/blog\/portfolio_page\/luxembourg-light-nights\/\" target=\"_self\"> Luxembourg Light Nights<\/a><\/h4>\n<h6 class=\"portfolio_subtitle\"> <\/h6>    <\/div>\n<\/article>\n\t\t\t\t\t<div class='filler'><\/div>\n\t\t\t\t\t\t\t\t\t<div class='filler'><\/div>\n\t\t\t\t\t<\/div>\n\t<\/div>\n[\/vc_column][vc_column width=&#8220;1\/2&#8243; el_class=&#8220;kompetenzBox&#8220; css=&#8220;.vc_custom_1490269449344{margin-left: 44px !important;}&#8220;][vc_column_text]<\/p>\n<h1>Stadtmarketing &amp; Live-Kommunikation als Touristenmagnet<\/h1>\n<p>[\/vc_column_text][vc_empty_space height=&#8220;22px&#8220;][vc_column_text el_class=&#8220;gross02&#8243;]In St\u00e4dten schl\u00e4gt der Puls des Lebens. Ihn zu verst\u00e4rken, zu transformieren, zum ultimativen Anziehungspunkt zu machen \u2013 das ist die K\u00fcr der Live-Kommunikation. So werden Metropolen zu Legenden.[\/vc_column_text][vc_empty_space height=&#8220;10px&#8220;][vc_column_text]Zander &amp; Partner kreiert Public Events und Show Cases weltweit, inklusive Organisation und Ausf\u00fchrung. Die Expertise erstreckt sich \u00fcber mehr als drei Dekaden Event-Marketing. Exzellenz, Einfluss, Erfolg \u2013 sie sind stetig gewachsen.[\/vc_column_text][vc_column_text el_class=&#8220;auszeichnungBorder&#8220;]Das seit 2005 von unserer Agentur ausgerichtete Berliner Festival of Lights etwa ist mittlerweile so erfolgreich, dass wir sein Konzept auch in andere St\u00e4dte und L\u00e4nder exportieren \u2013 stets abgestimmt auf den ganz eigenen Ortscharakter.[\/vc_column_text][vc_empty_space height=&#8220;10px&#8220;][vc_column_text]So hat die internationale Strahlkraft bereits Dubai, Kuwait, New York, Zagreb, Sofia, Bukarest, Plovdiv oder Augsburg erreicht und 2018 auch Zwickau zum 900j\u00e4hrigen Stadtjubil\u00e4um. Aufgrund der hohen Nachfragen und unserer Ambitionen im internationalen Tourismus-Marketing sind viele weitere Festival-of-Lights-Projekte in Planung. Kooperationen leuchten heller als je zuvor. Der Erfolg gibt uns recht.[\/vc_column_text][vc_column_text]Unser Original aus der deutschen Hauptstadt gl\u00e4nzt mit mehr als drei Millionen Besucher*innen und \u00fcber einer Milliarde Medienkontakten. Wahrzeichen, Pl\u00e4tze, historische Geb\u00e4ude erstrahlen im Lichtkunst und \u00a0spektakul\u00e4ren 3D-Videoprojektionen; werden zur B\u00fchne bewegender Aktionen. Ein touristisches Highlight, das auch als idealer Kommunikationskanal f\u00fcr Unternehmen und Organisationen fungiert. Durch das internationale Netzwerk mit eigenen Medien und starken Partnern ist die Wirkung des Mega-Events unschlagbar geworden. Jedes Jahr ein bisschen gr\u00f6\u00dfer, vielseitiger und einflussreicher.[\/vc_column_text][vc_empty_space height=&#8220;22px&#8220;][vc_column_text]<a class=\"verweisKreisPfeil\" href=\"http:\/\/www.zander-partner.de\/contact-us\/\">Profitieren Sie von unseren Erfolgskonzepten! Wir freuen uns auf ihre Anfrage.<\/a>[\/vc_column_text][vc_empty_space height=&#8220;22px&#8220;][\/vc_column][\/vc_row][vc_row row_type=&#8220;row&#8220; use_row_as_full_screen_section=&#8220;no&#8220; type=&#8220;full_width&#8220; text_align=&#8220;left&#8220; background_animation=&#8220;none&#8220; css_animation=&#8220;&#8220;][vc_column][\/vc_column][\/vc_row]<\/p>","protected":false},"excerpt":{"rendered":"<p>[vc_row row_type=&#8220;row&#8220; use_row_as_full_screen_section=&#8220;no&#8220; type=&#8220;grid&#8220; text_align=&#8220;left&#8220; background_animation=&#8220;none&#8220; css_animation=&#8220;&#8220; css=&#8220;.vc_custom_1490267474689{background-position: center !important;background-repeat: no-repeat !important;background-size: cover !important;}&#8220;][vc_column width=&#8220;1\/2&#8243;][vc_column_text] Cases [\/vc_column_text][vc_empty_space height=&#8220;22px&#8220;][\/vc_column][vc_column width=&#8220;1\/2&#8243; el_class=&#8220;kompetenzBox&#8220; css=&#8220;.vc_custom_1490269449344{margin-left: 44px !important;}&#8220;][vc_column_text] Stadtmarketing &amp; Live-Kommunikation als Touristenmagnet [\/vc_column_text][vc_empty_space height=&#8220;22px&#8220;][vc_column_text el_class=&#8220;gross02&#8243;]In St\u00e4dten schl\u00e4gt der Puls des Lebens. Ihn zu verst\u00e4rken, zu transformieren, zum ultimativen Anziehungspunkt&#8230;<\/p>\n","protected":false},"author":1,"featured_media":0,"parent":0,"menu_order":0,"comment_status":"closed","ping_status":"closed","template":"","meta":[],"yoast_head":"<!-- This site is optimized with the Yoast SEO plugin v21.8.1 - https:\/\/yoast.com\/wordpress\/plugins\/seo\/ -->\n<title>Stadtmarketing - Zander &amp; Partner<\/title>\n<meta name=\"robots\" content=\"index, follow, max-snippet:-1, max-image-preview:large, max-video-preview:-1\" \/>\n<link rel=\"canonical\" href=\"https:\/\/www.zander-partner.de\/stadt-marketing\/\" \/>\n<meta property=\"og:locale\" content=\"de_DE\" \/>\n<meta property=\"og:type\" content=\"article\" \/>\n<meta property=\"og:title\" content=\"[:en]City Marketing[:de]Stadtmarketing[:] - Zander &amp; Partner\" \/>\n<meta property=\"og:description\" content=\"[vc_row row_type=&#8220;row&#8220; use_row_as_full_screen_section=&#8220;no&#8220; type=&#8220;grid&#8220; text_align=&#8220;left&#8220; background_animation=&#8220;none&#8220; css_animation=&#8220;&#8220; css=&#8220;.vc_custom_1490267474689{background-position: center !important;background-repeat: no-repeat !important;background-size: cover !important;}&#8220;][vc_column width=&#8220;1\/2&#8243;][vc_column_text] Cases [\/vc_column_text][vc_empty_space height=&#8220;22px&#8220;][\/vc_column][vc_column width=&#8220;1\/2&#8243; el_class=&#8220;kompetenzBox&#8220; css=&#8220;.vc_custom_1490269449344{margin-left: 44px !important;}&#8220;][vc_column_text] Stadtmarketing &amp; Live-Kommunikation als Touristenmagnet [\/vc_column_text][vc_empty_space height=&#8220;22px&#8220;][vc_column_text el_class=&#8220;gross02&#8243;]In St\u00e4dten schl\u00e4gt der Puls des Lebens. Ihn zu verst\u00e4rken, zu transformieren, zum ultimativen Anziehungspunkt...\" \/>\n<meta property=\"og:url\" content=\"https:\/\/www.zander-partner.de\/stadt-marketing\/\" \/>\n<meta property=\"og:site_name\" content=\"Zander &amp; Partner\" \/>\n<meta property=\"article:modified_time\" content=\"2024-07-10T13:30:53+00:00\" \/>\n<meta name=\"twitter:card\" content=\"summary_large_image\" \/>\n<meta name=\"twitter:label1\" content=\"Gesch\u00e4tzte Lesezeit\" \/>\n\t<meta name=\"twitter:data1\" content=\"2\u00a0Minuten\" \/>\n<script type=\"application\/ld+json\" class=\"yoast-schema-graph\">{\"@context\":\"https:\/\/schema.org\",\"@graph\":[{\"@type\":\"WebPage\",\"@id\":\"https:\/\/www.zander-partner.de\/stadt-marketing\/\",\"url\":\"https:\/\/www.zander-partner.de\/stadt-marketing\/\",\"name\":\"[:en]City Marketing[:de]Stadtmarketing[:] - Zander &amp; Partner\",\"isPartOf\":{\"@id\":\"https:\/\/www.zander-partner.de\/en\/#website\"},\"datePublished\":\"2017-04-20T16:51:16+00:00\",\"dateModified\":\"2024-07-10T13:30:53+00:00\",\"breadcrumb\":{\"@id\":\"https:\/\/www.zander-partner.de\/stadt-marketing\/#breadcrumb\"},\"inLanguage\":\"de\",\"potentialAction\":[{\"@type\":\"ReadAction\",\"target\":[\"https:\/\/www.zander-partner.de\/stadt-marketing\/\"]}]},{\"@type\":\"BreadcrumbList\",\"@id\":\"https:\/\/www.zander-partner.de\/stadt-marketing\/#breadcrumb\",\"itemListElement\":[{\"@type\":\"ListItem\",\"position\":1,\"name\":\"Startseite\",\"item\":\"https:\/\/www.zander-partner.de\/\"},{\"@type\":\"ListItem\",\"position\":2,\"name\":\"Stadtmarketing\"}]},{\"@type\":\"WebSite\",\"@id\":\"https:\/\/www.zander-partner.de\/en\/#website\",\"url\":\"https:\/\/www.zander-partner.de\/en\/\",\"name\":\"Zander &amp; Partner\",\"description\":\"Live-Kommunikation &amp; Magic Moments\",\"potentialAction\":[{\"@type\":\"SearchAction\",\"target\":{\"@type\":\"EntryPoint\",\"urlTemplate\":\"https:\/\/www.zander-partner.de\/en\/?s={search_term_string}\"},\"query-input\":\"required name=search_term_string\"}],\"inLanguage\":\"de\"}]}<\/script>\n<!-- \/ Yoast SEO plugin. -->","yoast_head_json":{"title":"[:en]City Marketing[:de]Stadtmarketing[:] - Zander &amp; Partner","robots":{"index":"index","follow":"follow","max-snippet":"max-snippet:-1","max-image-preview":"max-image-preview:large","max-video-preview":"max-video-preview:-1"},"canonical":"https:\/\/www.zander-partner.de\/stadt-marketing\/","og_locale":"de_DE","og_type":"article","og_title":"[:en]City Marketing[:de]Stadtmarketing[:] - Zander &amp; Partner","og_description":"[vc_row row_type=&#8220;row&#8220; use_row_as_full_screen_section=&#8220;no&#8220; type=&#8220;grid&#8220; text_align=&#8220;left&#8220; background_animation=&#8220;none&#8220; css_animation=&#8220;&#8220; css=&#8220;.vc_custom_1490267474689{background-position: center !important;background-repeat: no-repeat !important;background-size: cover !important;}&#8220;][vc_column width=&#8220;1\/2&#8243;][vc_column_text] Cases [\/vc_column_text][vc_empty_space height=&#8220;22px&#8220;][\/vc_column][vc_column width=&#8220;1\/2&#8243; el_class=&#8220;kompetenzBox&#8220; css=&#8220;.vc_custom_1490269449344{margin-left: 44px !important;}&#8220;][vc_column_text] Stadtmarketing &amp; Live-Kommunikation als Touristenmagnet [\/vc_column_text][vc_empty_space height=&#8220;22px&#8220;][vc_column_text el_class=&#8220;gross02&#8243;]In St\u00e4dten schl\u00e4gt der Puls des Lebens. Ihn zu verst\u00e4rken, zu transformieren, zum ultimativen Anziehungspunkt...","og_url":"https:\/\/www.zander-partner.de\/stadt-marketing\/","og_site_name":"Zander &amp; Partner","article_modified_time":"2024-07-10T13:30:53+00:00","twitter_card":"summary_large_image","twitter_misc":{"Gesch\u00e4tzte Lesezeit":"2\u00a0Minuten"},"schema":{"@context":"https:\/\/schema.org","@graph":[{"@type":"WebPage","@id":"https:\/\/www.zander-partner.de\/stadt-marketing\/","url":"https:\/\/www.zander-partner.de\/stadt-marketing\/","name":"[:en]City Marketing[:de]Stadtmarketing[:] - Zander &amp; Partner","isPartOf":{"@id":"https:\/\/www.zander-partner.de\/en\/#website"},"datePublished":"2017-04-20T16:51:16+00:00","dateModified":"2024-07-10T13:30:53+00:00","breadcrumb":{"@id":"https:\/\/www.zander-partner.de\/stadt-marketing\/#breadcrumb"},"inLanguage":"de","potentialAction":[{"@type":"ReadAction","target":["https:\/\/www.zander-partner.de\/stadt-marketing\/"]}]},{"@type":"BreadcrumbList","@id":"https:\/\/www.zander-partner.de\/stadt-marketing\/#breadcrumb","itemListElement":[{"@type":"ListItem","position":1,"name":"Startseite","item":"https:\/\/www.zander-partner.de\/"},{"@type":"ListItem","position":2,"name":"Stadtmarketing"}]},{"@type":"WebSite","@id":"https:\/\/www.zander-partner.de\/en\/#website","url":"https:\/\/www.zander-partner.de\/en\/","name":"Zander &amp; Partner","description":"Live-Kommunikation &amp; Magic Moments","potentialAction":[{"@type":"SearchAction","target":{"@type":"EntryPoint","urlTemplate":"https:\/\/www.zander-partner.de\/en\/?s={search_term_string}"},"query-input":"required name=search_term_string"}],"inLanguage":"de"}]}},"_links":{"self":[{"href":"https:\/\/www.zander-partner.de\/de\/wp-json\/wp\/v2\/pages\/21999"}],"collection":[{"href":"https:\/\/www.zander-partner.de\/de\/wp-json\/wp\/v2\/pages"}],"about":[{"href":"https:\/\/www.zander-partner.de\/de\/wp-json\/wp\/v2\/types\/page"}],"author":[{"embeddable":true,"href":"https:\/\/www.zander-partner.de\/de\/wp-json\/wp\/v2\/users\/1"}],"replies":[{"embeddable":true,"href":"https:\/\/www.zander-partner.de\/de\/wp-json\/wp\/v2\/comments?post=21999"}],"version-history":[{"count":27,"href":"https:\/\/www.zander-partner.de\/de\/wp-json\/wp\/v2\/pages\/21999\/revisions"}],"predecessor-version":[{"id":103997,"href":"https:\/\/www.zander-partner.de\/de\/wp-json\/wp\/v2\/pages\/21999\/revisions\/103997"}],"wp:attachment":[{"href":"https:\/\/www.zander-partner.de\/de\/wp-json\/wp\/v2\/media?parent=21999"}],"curies":[{"name":"wp","href":"https:\/\/api.w.org\/{rel}","templated":true}]}}