{"id":21740,"date":"2017-03-02T17:27:19","date_gmt":"2017-03-02T16:27:19","guid":{"rendered":"http:\/\/www.zander-partner.de\/?page_id=21740"},"modified":"2019-09-04T11:30:34","modified_gmt":"2019-09-04T09:30:34","slug":"impressum-2","status":"publish","type":"page","link":"https:\/\/www.zander-partner.de\/de\/impressum-2\/","title":{"rendered":"Impressum"},"content":{"rendered":"<p>[vc_row row_type=&#8220;row&#8220; use_row_as_full_screen_section=&#8220;no&#8220; type=&#8220;full_width&#8220; text_align=&#8220;left&#8220; css_animation=&#8220;&#8220;][vc_column width=&#8220;1\/3&#8243;][vc_column_text]<\/p>\n<h5>Impressum<\/h5>\n<p><strong>Zander &amp; Partner Eventmarketing GmbH<\/strong><\/p>\n<p>Savignyplatz 6<br \/>\n10623 Berlin<\/p>\n<p>&nbsp;<\/p>\n<p><strong>Phone:<\/strong>\u00a0+49 (0)30 318 60 113\/4\/5<br \/>\n<strong>Fax:<\/strong>\u00a0+49 (0)30 315 09 748<\/p>\n<p>&nbsp;<\/p>\n<p><strong>Registergericht<\/strong><br \/>\nAmtsgericht Charlottenburg<br \/>\nHRB 54933B<br \/>\nUSt. \u2013 IdNr. DE 170 282 899[\/vc_column_text][\/vc_column][vc_column width=&#8220;2\/3&#8243;][vc_column_text]<\/p>\n<div id=\"wrapper\" class=\"hfeed\">\n<div id=\"main_box\">\n<div id=\"main\">\n<div id=\"page_box\">\n<div id=\"container\">\n<div id=\"content\">\n<div id=\"post-18\" class=\"post-18 page type-page status-publish hentry\">\n<div class=\"entry-content\">\n<h5>HAFTUNGSAUSSCHLUSS:<\/h5>\n<p>Trotz sorgf\u00e4ltiger inhaltlicher Kontrolle \u00fcbernehmen wir keine Haftung f\u00fcr Inhalte externer Links. F\u00fcr den Inhalt der verlinkten Seiten sind ausschlie\u00dflich deren Betreiber verantwortlich.<\/p>\n<p>&nbsp;<\/p>\n<h5>COPYRIGHT<\/h5>\n<p>Das Copyright f\u00fcr ver\u00f6ffentlichte, vom Seiteninhaber selbst erstellte oder in Lizenz erworbene Objekte bleibt allein beim Seiteninhaber der Seiten. Eine Vervielf\u00e4ltigung oder Verwendung solcher Fotos, Grafiken, Tondokumente, Videosequenzen und Texte in anderen elektronischen oder gedruckten Publikationen ist ohne schriftliche Zustimmung des Seiteninhabers nicht gestattet. Die Seiten d\u00fcrfen nur zum privaten Gebrauch vervielf\u00e4ltigt, \u00c4nderungen nicht vorgenommen und Vervielf\u00e4ltigungsst\u00fccke weder verbreitet noch zu \u00f6ffentlichen Wiedergaben benutzt werden.<\/p>\n<p><strong>Fotos:<\/strong> Die Lichtobjekte des FESTIVAL OF LIGHTS<sup>\u00ae<\/sup> sind urheberrechtlich gesch\u00fctzt. Das Erstellen von Fotos, Filmaufnahmen und sonstigen Reproduktionen zu ausschlie\u00dflich privaten Zwecken sowie im Rahmen der \u00f6ffentlichen Berichterstattung ist gestattet. F\u00fcr jede Form der gewerblichen Wiedergabe ist der Erwerb einer entsprechenden Lizenz erforderlich. Nicht authorisierte Ver\u00f6ffentlichungen sind untersagt.<\/p>\n<p><strong>FESTIVAL OF LIGHTS<sup>\u00ae<\/sup><\/strong> ist eine eingetragene Marke.<\/p>\n<p>&nbsp;<\/p>\n<h5><\/h5>\n<\/div>\n<\/div>\n<\/div>\n<\/div>\n<\/div>\n<\/div>\n<\/div>\n<\/div>\n<p>[\/vc_column_text][\/vc_column][\/vc_row][vc_row row_type=&#8220;row&#8220; use_row_as_full_screen_section=&#8220;no&#8220; type=&#8220;full_width&#8220; text_align=&#8220;left&#8220; css_animation=&#8220;&#8220;][vc_column][vc_empty_space height=&#8220;88px&#8220;][\/vc_column][\/vc_row]<\/p>","protected":false},"excerpt":{"rendered":"<p>[vc_row row_type=&#8220;row&#8220; use_row_as_full_screen_section=&#8220;no&#8220; type=&#8220;full_width&#8220; text_align=&#8220;left&#8220; css_animation=&#8220;&#8220;][vc_column width=&#8220;1\/3&#8243;][vc_column_text] Impressum Zander &amp; Partner Eventmarketing GmbH Savignyplatz 6 10623 Berlin &nbsp; Phone:\u00a0+49 (0)30 318 60 113\/4\/5 Fax:\u00a0+49 (0)30 315 09 748 &nbsp; Registergericht Amtsgericht Charlottenburg HRB 54933B USt. \u2013 IdNr. DE 170 282 899[\/vc_column_text][\/vc_column][vc_column width=&#8220;2\/3&#8243;][vc_column_text] HAFTUNGSAUSSCHLUSS: Trotz sorgf\u00e4ltiger&#8230;<\/p>\n","protected":false},"author":1,"featured_media":0,"parent":0,"menu_order":0,"comment_status":"closed","ping_status":"closed","template":"","meta":[],"yoast_head":"<!-- This site is optimized with the Yoast SEO plugin v21.8.1 - https:\/\/yoast.com\/wordpress\/plugins\/seo\/ -->\n<title>Impressum - Zander &amp; Partner<\/title>\n<meta name=\"robots\" content=\"index, follow, max-snippet:-1, max-image-preview:large, max-video-preview:-1\" \/>\n<link rel=\"canonical\" href=\"https:\/\/www.zander-partner.de\/de\/impressum-2\/\" \/>\n<meta property=\"og:locale\" content=\"de_DE\" \/>\n<meta property=\"og:type\" content=\"article\" \/>\n<meta property=\"og:title\" content=\"[:en]legal notice[:de]Impressum[:] - Zander &amp; Partner\" \/>\n<meta property=\"og:description\" content=\"[vc_row row_type=&#8220;row&#8220; use_row_as_full_screen_section=&#8220;no&#8220; type=&#8220;full_width&#8220; text_align=&#8220;left&#8220; css_animation=&#8220;&#8220;][vc_column width=&#8220;1\/3&#8243;][vc_column_text] Impressum Zander &amp; Partner Eventmarketing GmbH Savignyplatz 6 10623 Berlin &nbsp; Phone:\u00a0+49 (0)30 318 60 113\/4\/5 Fax:\u00a0+49 (0)30 315 09 748 &nbsp; Registergericht Amtsgericht Charlottenburg HRB 54933B USt. \u2013 IdNr. DE 170 282 899[\/vc_column_text][\/vc_column][vc_column width=&#8220;2\/3&#8243;][vc_column_text] HAFTUNGSAUSSCHLUSS: Trotz sorgf\u00e4ltiger...\" \/>\n<meta property=\"og:url\" content=\"https:\/\/www.zander-partner.de\/de\/impressum-2\/\" \/>\n<meta property=\"og:site_name\" content=\"Zander &amp; Partner\" \/>\n<meta property=\"article:modified_time\" content=\"2019-09-04T09:30:34+00:00\" \/>\n<meta name=\"twitter:card\" content=\"summary_large_image\" \/>\n<meta name=\"twitter:label1\" content=\"Gesch\u00e4tzte Lesezeit\" \/>\n\t<meta name=\"twitter:data1\" content=\"5\u00a0Minuten\" \/>\n<script type=\"application\/ld+json\" class=\"yoast-schema-graph\">{\"@context\":\"https:\/\/schema.org\",\"@graph\":[{\"@type\":\"WebPage\",\"@id\":\"https:\/\/www.zander-partner.de\/de\/impressum-2\/\",\"url\":\"https:\/\/www.zander-partner.de\/de\/impressum-2\/\",\"name\":\"[:en]legal notice[:de]Impressum[:] - Zander &amp; Partner\",\"isPartOf\":{\"@id\":\"https:\/\/www.zander-partner.de\/en\/#website\"},\"datePublished\":\"2017-03-02T16:27:19+00:00\",\"dateModified\":\"2019-09-04T09:30:34+00:00\",\"breadcrumb\":{\"@id\":\"https:\/\/www.zander-partner.de\/de\/impressum-2\/#breadcrumb\"},\"inLanguage\":\"de\",\"potentialAction\":[{\"@type\":\"ReadAction\",\"target\":[\"https:\/\/www.zander-partner.de\/de\/impressum-2\/\"]}]},{\"@type\":\"BreadcrumbList\",\"@id\":\"https:\/\/www.zander-partner.de\/de\/impressum-2\/#breadcrumb\",\"itemListElement\":[{\"@type\":\"ListItem\",\"position\":1,\"name\":\"Startseite\",\"item\":\"https:\/\/www.zander-partner.de\/\"},{\"@type\":\"ListItem\",\"position\":2,\"name\":\"Impressum\"}]},{\"@type\":\"WebSite\",\"@id\":\"https:\/\/www.zander-partner.de\/en\/#website\",\"url\":\"https:\/\/www.zander-partner.de\/en\/\",\"name\":\"Zander &amp; Partner\",\"description\":\"Live-Kommunikation &amp; Magic Moments\",\"potentialAction\":[{\"@type\":\"SearchAction\",\"target\":{\"@type\":\"EntryPoint\",\"urlTemplate\":\"https:\/\/www.zander-partner.de\/en\/?s={search_term_string}\"},\"query-input\":\"required name=search_term_string\"}],\"inLanguage\":\"de\"}]}<\/script>\n<!-- \/ Yoast SEO plugin. -->","yoast_head_json":{"title":"[:en]legal notice[:de]Impressum[:] - Zander &amp; Partner","robots":{"index":"index","follow":"follow","max-snippet":"max-snippet:-1","max-image-preview":"max-image-preview:large","max-video-preview":"max-video-preview:-1"},"canonical":"https:\/\/www.zander-partner.de\/de\/impressum-2\/","og_locale":"de_DE","og_type":"article","og_title":"[:en]legal notice[:de]Impressum[:] - Zander &amp; Partner","og_description":"[vc_row row_type=&#8220;row&#8220; use_row_as_full_screen_section=&#8220;no&#8220; type=&#8220;full_width&#8220; text_align=&#8220;left&#8220; css_animation=&#8220;&#8220;][vc_column width=&#8220;1\/3&#8243;][vc_column_text] Impressum Zander &amp; Partner Eventmarketing GmbH Savignyplatz 6 10623 Berlin &nbsp; Phone:\u00a0+49 (0)30 318 60 113\/4\/5 Fax:\u00a0+49 (0)30 315 09 748 &nbsp; Registergericht Amtsgericht Charlottenburg HRB 54933B USt. \u2013 IdNr. DE 170 282 899[\/vc_column_text][\/vc_column][vc_column width=&#8220;2\/3&#8243;][vc_column_text] HAFTUNGSAUSSCHLUSS: Trotz sorgf\u00e4ltiger...","og_url":"https:\/\/www.zander-partner.de\/de\/impressum-2\/","og_site_name":"Zander &amp; Partner","article_modified_time":"2019-09-04T09:30:34+00:00","twitter_card":"summary_large_image","twitter_misc":{"Gesch\u00e4tzte Lesezeit":"5\u00a0Minuten"},"schema":{"@context":"https:\/\/schema.org","@graph":[{"@type":"WebPage","@id":"https:\/\/www.zander-partner.de\/de\/impressum-2\/","url":"https:\/\/www.zander-partner.de\/de\/impressum-2\/","name":"[:en]legal notice[:de]Impressum[:] - Zander &amp; Partner","isPartOf":{"@id":"https:\/\/www.zander-partner.de\/en\/#website"},"datePublished":"2017-03-02T16:27:19+00:00","dateModified":"2019-09-04T09:30:34+00:00","breadcrumb":{"@id":"https:\/\/www.zander-partner.de\/de\/impressum-2\/#breadcrumb"},"inLanguage":"de","potentialAction":[{"@type":"ReadAction","target":["https:\/\/www.zander-partner.de\/de\/impressum-2\/"]}]},{"@type":"BreadcrumbList","@id":"https:\/\/www.zander-partner.de\/de\/impressum-2\/#breadcrumb","itemListElement":[{"@type":"ListItem","position":1,"name":"Startseite","item":"https:\/\/www.zander-partner.de\/"},{"@type":"ListItem","position":2,"name":"Impressum"}]},{"@type":"WebSite","@id":"https:\/\/www.zander-partner.de\/en\/#website","url":"https:\/\/www.zander-partner.de\/en\/","name":"Zander &amp; Partner","description":"Live-Kommunikation &amp; Magic Moments","potentialAction":[{"@type":"SearchAction","target":{"@type":"EntryPoint","urlTemplate":"https:\/\/www.zander-partner.de\/en\/?s={search_term_string}"},"query-input":"required name=search_term_string"}],"inLanguage":"de"}]}},"_links":{"self":[{"href":"https:\/\/www.zander-partner.de\/de\/wp-json\/wp\/v2\/pages\/21740"}],"collection":[{"href":"https:\/\/www.zander-partner.de\/de\/wp-json\/wp\/v2\/pages"}],"about":[{"href":"https:\/\/www.zander-partner.de\/de\/wp-json\/wp\/v2\/types\/page"}],"author":[{"embeddable":true,"href":"https:\/\/www.zander-partner.de\/de\/wp-json\/wp\/v2\/users\/1"}],"replies":[{"embeddable":true,"href":"https:\/\/www.zander-partner.de\/de\/wp-json\/wp\/v2\/comments?post=21740"}],"version-history":[{"count":13,"href":"https:\/\/www.zander-partner.de\/de\/wp-json\/wp\/v2\/pages\/21740\/revisions"}],"predecessor-version":[{"id":22313,"href":"https:\/\/www.zander-partner.de\/de\/wp-json\/wp\/v2\/pages\/21740\/revisions\/22313"}],"wp:attachment":[{"href":"https:\/\/www.zander-partner.de\/de\/wp-json\/wp\/v2\/media?parent=21740"}],"curies":[{"name":"wp","href":"https:\/\/api.w.org\/{rel}","templated":true}]}}